{"id":33,"date":"2017-07-31T12:42:52","date_gmt":"2017-07-31T12:42:52","guid":{"rendered":"https:\/\/demo.mekshq.com\/pinhole\/dc\/?page_id=33"},"modified":"2023-02-24T11:09:25","modified_gmt":"2023-02-24T11:09:25","slug":"contact-2","status":"publish","type":"page","link":"https:\/\/www.olejohanmoe.com\/no\/contact-2\/","title":{"rendered":"Kontakt"},"content":{"rendered":"ngg_shortcode_0_placeholder\r\n<p>&nbsp;<\/p>\r\n<p>Ole Johan Moe is most on the time on the road and discovers the world through the eye of the lens. He has a humanist approach, loves adventures, and has visited some of the most remote places on earth.<\/p>\r\n<p>Images are captured and created with Nikon D810, Fujifilm Xpro 2, and Mavic Pro.<\/p>\r\n<p><strong>Utstillinger<\/strong><\/p>\r\n<ul>\r\n<li>2019 \u2013 \u201cParkour from Kabul\u201d p\u00e5 Folkebiblioteket, Kristiansand, Norge.<\/li>\r\n<li>2018 \u2013 \u201c\u00a1Cuba+nismos!\u201d p\u00e5 kaf\u00e9 Dr\u00f8mmeplassen, Kristiansand, Norge.<\/li>\r\n<\/ul>\r\n<p>&nbsp;<\/p>\r\n<hr>\r\n<p><\/p>\r\n<blockquote class=\"wp-block-quote is-layout-flow wp-block-quote-is-layout-flow\">\r\n<p>A <strong>photograph<\/strong> is always invisible, it is not it that we see. What the <strong>Photograph<\/strong> reproduces to infinity has occurred only once: the <strong>Photograph<\/strong> mechanically repeats what could never be repeated existentially.<\/p>\r\n<p><strong>\u2013 Roland Barthes<\/strong><\/p>\r\n<\/blockquote>\r\n<p><\/p>\r\n<hr>\r\n<figure><\/figure>\r\n<figure class=\"wp-block-image size-large\">\r\n<figcaption>\n<div class=\"wpcf7 no-js\" id=\"wpcf7-f865-o1\" lang=\"en-US\" dir=\"ltr\" data-wpcf7-id=\"865\">\n<div class=\"screen-reader-response\"><p role=\"status\" aria-live=\"polite\" aria-atomic=\"true\"><\/p> <ul><\/ul><\/div>\n<form action=\"\/no\/wp-json\/wp\/v2\/pages\/33#wpcf7-f865-o1\" method=\"post\" class=\"wpcf7-form init\" aria-label=\"Contact form\" novalidate=\"novalidate\" data-status=\"init\" data-trp-original-action=\"\/no\/wp-json\/wp\/v2\/pages\/33#wpcf7-f865-o1\">\n<fieldset class=\"hidden-fields-container\"><input type=\"hidden\" name=\"_wpcf7\" value=\"865\" \/><input type=\"hidden\" name=\"_wpcf7_version\" value=\"6.1.5\" \/><input type=\"hidden\" name=\"_wpcf7_locale\" value=\"en_US\" \/><input type=\"hidden\" name=\"_wpcf7_unit_tag\" value=\"wpcf7-f865-o1\" \/><input type=\"hidden\" name=\"_wpcf7_container_post\" value=\"0\" \/><input type=\"hidden\" name=\"_wpcf7_posted_data_hash\" value=\"\" \/><input type=\"hidden\" name=\"_wpcf7_recaptcha_response\" value=\"\" \/>\n<\/fieldset>\n<p><label> Ditt navn (obligatorisk)<br \/>\n<span class=\"wpcf7-form-control-wrap\" data-name=\"your-name\"><input size=\"40\" maxlength=\"400\" class=\"wpcf7-form-control wpcf7-text wpcf7-validates-as-required\" aria-required=\"true\" aria-invalid=\"false\" value=\"\" type=\"text\" name=\"your-name\" \/><\/span> <\/label>\n<\/p>\n<p><label> Din e-post (obligatorisk)<br \/>\n<span class=\"wpcf7-form-control-wrap\" data-name=\"your-email\"><input size=\"40\" maxlength=\"400\" class=\"wpcf7-form-control wpcf7-email wpcf7-validates-as-required wpcf7-text wpcf7-validates-as-email\" aria-required=\"true\" aria-invalid=\"false\" value=\"\" type=\"email\" name=\"your-email\" \/><\/span> <\/label>\n<\/p>\n<p><label> Emne<br \/>\n<span class=\"wpcf7-form-control-wrap\" data-name=\"your-subject\"><input size=\"40\" maxlength=\"400\" class=\"wpcf7-form-control wpcf7-text\" aria-invalid=\"false\" value=\"\" type=\"text\" name=\"your-subject\" \/><\/span> <\/label>\n<\/p>\n<p><label> Din melding<br \/>\n<span class=\"wpcf7-form-control-wrap\" data-name=\"your-message\"><textarea cols=\"40\" rows=\"10\" maxlength=\"2000\" class=\"wpcf7-form-control wpcf7-textarea\" aria-invalid=\"false\" name=\"your-message\"><\/textarea><\/span> <\/label>\n<\/p>\n<p><input class=\"wpcf7-form-control wpcf7-submit has-spinner\" type=\"submit\" value=\"Send\" \/>\n<\/p>\n<p><span class=\"wpcf7-form-control-wrap\" data-name=\"checkbox-254\"><span class=\"wpcf7-form-control wpcf7-checkbox\"><\/span><\/span>\n<\/p><p style=\"display: none !important;\" class=\"akismet-fields-container\" data-prefix=\"_wpcf7_ak_\"><label>&#916;<textarea name=\"_wpcf7_ak_hp_textarea\" cols=\"45\" rows=\"8\" maxlength=\"100\"><\/textarea><\/label><input type=\"hidden\" id=\"ak_js_1\" name=\"_wpcf7_ak_js\" value=\"182\"\/><script>document.getElementById( \"ak_js_1\" ).setAttribute( \"value\", ( new Date() ).getTime() );<\/script><\/p><div class=\"wpcf7-response-output\" aria-hidden=\"true\"><\/div>\n<input type=\"hidden\" name=\"trp-form-language\" value=\"no\"\/><\/form>\n<\/div>\n<br><br><\/figcaption>\r\n<\/figure>\r\n<p>&nbsp;<\/p>\r\n\r\n\r\n\r\n\r\n\r\n<p>&nbsp;<\/p>","protected":false},"excerpt":{"rendered":"<p>&nbsp; Ole Johan Moe is most on the time on the road and discovers the world through the eye of the lens. He has a humanist approach, loves adventures, and has visited some of the most remote places on earth. Images are captured and created with Nikon D810, Fujifilm Xpro 2, and Mavic Pro. Exhibitons [&hellip;]<\/p>\n","protected":false},"author":1,"featured_media":0,"parent":0,"menu_order":6,"comment_status":"closed","ping_status":"closed","template":"","meta":{"_exactmetrics_skip_tracking":false,"_exactmetrics_sitenote_active":false,"_exactmetrics_sitenote_note":"","_exactmetrics_sitenote_category":0,"ngg_post_thumbnail":0,"jetpack_post_was_ever_published":false,"footnotes":""},"class_list":["post-33","page","type-page","status-publish","hentry"],"yoast_head":"<!-- This site is optimized with the Yoast SEO plugin v27.0 - https:\/\/yoast.com\/product\/yoast-seo-wordpress\/ -->\n<title>Contact - Ole Johan Moe \u2022 Photography<\/title>\n<meta name=\"robots\" content=\"index, follow, max-snippet:-1, max-image-preview:large, max-video-preview:-1\" \/>\n<link rel=\"canonical\" href=\"https:\/\/www.olejohanmoe.com\/no\/contact-2\/\" \/>\n<meta property=\"og:locale\" content=\"nb_NO\" \/>\n<meta property=\"og:type\" content=\"article\" \/>\n<meta property=\"og:title\" content=\"Contact - Ole Johan Moe \u2022 Photography\" \/>\n<meta property=\"og:description\" content=\"&nbsp; Ole Johan Moe is most on the time on the road and discovers the world through the eye of the lens. He has a humanist approach, loves adventures, and has visited some of the most remote places on earth. Images are captured and created with Nikon D810, Fujifilm Xpro 2, and Mavic Pro. Exhibitons [&hellip;]\" \/>\n<meta property=\"og:url\" content=\"https:\/\/www.olejohanmoe.com\/no\/contact-2\/\" \/>\n<meta property=\"og:site_name\" content=\"Ole Johan Moe \u2022 Photography\" \/>\n<meta property=\"article:publisher\" content=\"https:\/\/www.facebook.com\/olejmoephoto\/\" \/>\n<meta property=\"article:modified_time\" content=\"2023-02-24T11:09:25+00:00\" \/>\n<meta property=\"og:image\" content=\"https:\/\/www.olejohanmoe.com\/wp-content\/uploads\/2020\/05\/DSC0612.jpg\" \/>\n\t<meta property=\"og:image:width\" content=\"1200\" \/>\n\t<meta property=\"og:image:height\" content=\"800\" \/>\n\t<meta property=\"og:image:type\" content=\"image\/jpeg\" \/>\n<meta name=\"twitter:card\" content=\"summary_large_image\" \/>\n<meta name=\"twitter:label1\" content=\"Ansl. lesetid\" \/>\n\t<meta name=\"twitter:data1\" content=\"1 minutt\" \/>\n<script type=\"application\/ld+json\" class=\"yoast-schema-graph\">{\"@context\":\"https:\/\/schema.org\",\"@graph\":[{\"@type\":\"WebPage\",\"@id\":\"https:\/\/www.olejohanmoe.com\/contact-2\/\",\"url\":\"https:\/\/www.olejohanmoe.com\/contact-2\/\",\"name\":\"Contact - Ole Johan Moe \u2022 Photography\",\"isPartOf\":{\"@id\":\"https:\/\/www.olejohanmoe.com\/no\/#website\"},\"datePublished\":\"2017-07-31T12:42:52+00:00\",\"dateModified\":\"2023-02-24T11:09:25+00:00\",\"breadcrumb\":{\"@id\":\"https:\/\/www.olejohanmoe.com\/contact-2\/#breadcrumb\"},\"inLanguage\":\"nb-NO\",\"potentialAction\":[{\"@type\":\"ReadAction\",\"target\":[\"https:\/\/www.olejohanmoe.com\/contact-2\/\"]}]},{\"@type\":\"BreadcrumbList\",\"@id\":\"https:\/\/www.olejohanmoe.com\/contact-2\/#breadcrumb\",\"itemListElement\":[{\"@type\":\"ListItem\",\"position\":1,\"name\":\"Home\",\"item\":\"https:\/\/www.olejohanmoe.com\/no\/\"},{\"@type\":\"ListItem\",\"position\":2,\"name\":\"Contact\"}]},{\"@type\":\"WebSite\",\"@id\":\"https:\/\/www.olejohanmoe.com\/no\/#website\",\"url\":\"https:\/\/www.olejohanmoe.com\/no\/\",\"name\":\"Ole Johan Moe \u2022 Photography\",\"description\":\"Norwegian photographer\",\"potentialAction\":[{\"@type\":\"SearchAction\",\"target\":{\"@type\":\"EntryPoint\",\"urlTemplate\":\"https:\/\/www.olejohanmoe.com\/no\/?s={search_term_string}\"},\"query-input\":{\"@type\":\"PropertyValueSpecification\",\"valueRequired\":true,\"valueName\":\"search_term_string\"}}],\"inLanguage\":\"nb-NO\"}]}<\/script>\n<!-- \/ Yoast SEO plugin. -->","yoast_head_json":{"title":"Contact - Ole Johan Moe \u2022 Photography","robots":{"index":"index","follow":"follow","max-snippet":"max-snippet:-1","max-image-preview":"max-image-preview:large","max-video-preview":"max-video-preview:-1"},"canonical":"https:\/\/www.olejohanmoe.com\/no\/contact-2\/","og_locale":"nb_NO","og_type":"article","og_title":"Contact - Ole Johan Moe \u2022 Photography","og_description":"&nbsp; Ole Johan Moe is most on the time on the road and discovers the world through the eye of the lens. He has a humanist approach, loves adventures, and has visited some of the most remote places on earth. Images are captured and created with Nikon D810, Fujifilm Xpro 2, and Mavic Pro. Exhibitons [&hellip;]","og_url":"https:\/\/www.olejohanmoe.com\/no\/contact-2\/","og_site_name":"Ole Johan Moe \u2022 Photography","article_publisher":"https:\/\/www.facebook.com\/olejmoephoto\/","article_modified_time":"2023-02-24T11:09:25+00:00","og_image":[{"width":1200,"height":800,"url":"https:\/\/www.olejohanmoe.com\/wp-content\/uploads\/2020\/05\/DSC0612.jpg","type":"image\/jpeg"}],"twitter_card":"summary_large_image","twitter_misc":{"Ansl. lesetid":"1 minutt"},"schema":{"@context":"https:\/\/schema.org","@graph":[{"@type":"WebPage","@id":"https:\/\/www.olejohanmoe.com\/contact-2\/","url":"https:\/\/www.olejohanmoe.com\/contact-2\/","name":"Contact - Ole Johan Moe \u2022 Photography","isPartOf":{"@id":"https:\/\/www.olejohanmoe.com\/no\/#website"},"datePublished":"2017-07-31T12:42:52+00:00","dateModified":"2023-02-24T11:09:25+00:00","breadcrumb":{"@id":"https:\/\/www.olejohanmoe.com\/contact-2\/#breadcrumb"},"inLanguage":"nb-NO","potentialAction":[{"@type":"ReadAction","target":["https:\/\/www.olejohanmoe.com\/contact-2\/"]}]},{"@type":"BreadcrumbList","@id":"https:\/\/www.olejohanmoe.com\/contact-2\/#breadcrumb","itemListElement":[{"@type":"ListItem","position":1,"name":"Home","item":"https:\/\/www.olejohanmoe.com\/no\/"},{"@type":"ListItem","position":2,"name":"Contact"}]},{"@type":"WebSite","@id":"https:\/\/www.olejohanmoe.com\/no\/#website","url":"https:\/\/www.olejohanmoe.com\/no\/","name":"Fotograf Ole Johan Moe","description":"Norwegian photographer","potentialAction":[{"@type":"SearchAction","target":{"@type":"EntryPoint","urlTemplate":"https:\/\/www.olejohanmoe.com\/no\/?s={search_term_string}"},"query-input":{"@type":"PropertyValueSpecification","valueRequired":true,"valueName":"search_term_string"}}],"inLanguage":"nb-NO"}]}},"jetpack_shortlink":"https:\/\/wp.me\/P4SLj9-x","jetpack_sharing_enabled":true,"_links":{"self":[{"href":"https:\/\/www.olejohanmoe.com\/no\/wp-json\/wp\/v2\/pages\/33","targetHints":{"allow":["GET"]}}],"collection":[{"href":"https:\/\/www.olejohanmoe.com\/no\/wp-json\/wp\/v2\/pages"}],"about":[{"href":"https:\/\/www.olejohanmoe.com\/no\/wp-json\/wp\/v2\/types\/page"}],"author":[{"embeddable":true,"href":"https:\/\/www.olejohanmoe.com\/no\/wp-json\/wp\/v2\/users\/1"}],"replies":[{"embeddable":true,"href":"https:\/\/www.olejohanmoe.com\/no\/wp-json\/wp\/v2\/comments?post=33"}],"version-history":[{"count":6,"href":"https:\/\/www.olejohanmoe.com\/no\/wp-json\/wp\/v2\/pages\/33\/revisions"}],"predecessor-version":[{"id":2697,"href":"https:\/\/www.olejohanmoe.com\/no\/wp-json\/wp\/v2\/pages\/33\/revisions\/2697"}],"wp:attachment":[{"href":"https:\/\/www.olejohanmoe.com\/no\/wp-json\/wp\/v2\/media?parent=33"}],"curies":[{"name":"wp","href":"https:\/\/api.w.org\/{rel}","templated":true}]}}