{"id":2501,"date":"2021-03-11T23:24:17","date_gmt":"2021-03-11T23:24:17","guid":{"rendered":"http:\/\/www.olejohanmoe.com\/?page_id=2501"},"modified":"2021-03-14T15:53:27","modified_gmt":"2021-03-14T15:53:27","slug":"prices","status":"publish","type":"page","link":"https:\/\/www.olejohanmoe.com\/no\/prices\/","title":{"rendered":"Priser"},"content":{"rendered":"<p>Arrangementsfotografering (unntatt moms):<br \/>\n- Halvdag (3 timer) 6000 kroner<br \/>\n- Hele dagen (7 timer) 10.000 kroner<\/p>\n<p>Redigerte bilder leveres via lenke i h\u00f8ykvalitetsformat. Fotografen kan bruke bilder til markedsf\u00f8ring. Fotografenes navn m\u00e5 krediteres offentlig visning (inkludert sosiale medier). Det er ikke tillatt \u00e5 redigere bildene eller selge dem p\u00e5 nytt. Kunden er ansvarlig for \u00e5 sikkerhetskopiere bildene.<\/p>\n<p>Boligfotografering 3.000 kroner<br \/>\nFotojournalistisk oppdrag - ta kontakt.<\/p>\n<p>Fotoprint<\/p>\n<p>Hvit aluminium<\/p>\n<p>Trykket direkte p\u00e5 hvit aluminiumsplate 3mm Dibond med imponerende detaljniv\u00e5 og gjengivelse av farger. Stilig og moderne utseende som matcher farger og svart og hvitt.<\/p>\n<p>40cm x 60cm &#8211; 2500 kroner<br \/>\n50cm x 75cm &#8211; 2700 kroner<br \/>\n60cm x 90cm &#8211; 3000 kroner<\/p>\n<p>B\u00f8rstet aluminium<\/p>\n<p>Trykket p\u00e5 aluminium som er b\u00f8rstet hvilket gir en spesiell industriell effekt. Passer godt for sort\/hvitt og sterke farger.<\/p>\n<p>40cm x 60cm &#8211; 2700 kroner<br \/>\n50cm x 75cm &#8211; 2900 kroner<br \/>\n60cm x 90cm &#8211; 3200 kroner<\/p>\n<p>Alle bilder trykkes i begrenset opplag med og kommer med signert sertifisering. I tillegg kommer kostnad til oppheng og sending. P\u00e5 bestilling p\u00e5 2 eller flere trykk s\u00e5 gis det 25 prosent rabatt.<\/p>","protected":false},"excerpt":{"rendered":"<p>Event photography (exempt VAT): &#8211; Half day (3,5 Hours) 6000 kroner &#8211; Full day (7 Hours) 10.000 kroner Edited photos delivered through link in high quality format. Photographer can use photos for marketing. The photographers name must be credited in public display (including social media). It is not allowed to edited the images or resell [&hellip;]<\/p>\n","protected":false},"author":1,"featured_media":0,"parent":0,"menu_order":8,"comment_status":"closed","ping_status":"closed","template":"","meta":{"_exactmetrics_skip_tracking":false,"_exactmetrics_sitenote_active":false,"_exactmetrics_sitenote_note":"","_exactmetrics_sitenote_category":0,"ngg_post_thumbnail":0,"jetpack_post_was_ever_published":false,"footnotes":""},"class_list":["post-2501","page","type-page","status-publish","hentry"],"yoast_head":"<!-- This site is optimized with the Yoast SEO plugin v27.0 - https:\/\/yoast.com\/product\/yoast-seo-wordpress\/ -->\n<title>Prices - Ole Johan Moe \u2022 Photography<\/title>\n<meta name=\"robots\" content=\"index, follow, max-snippet:-1, max-image-preview:large, max-video-preview:-1\" \/>\n<link rel=\"canonical\" href=\"https:\/\/www.olejohanmoe.com\/no\/prices\/\" \/>\n<meta property=\"og:locale\" content=\"nb_NO\" \/>\n<meta property=\"og:type\" content=\"article\" \/>\n<meta property=\"og:title\" content=\"Prices - Ole Johan Moe \u2022 Photography\" \/>\n<meta property=\"og:description\" content=\"Event photography (exempt VAT): &#8211; Half day (3,5 Hours) 6000 kroner &#8211; Full day (7 Hours) 10.000 kroner Edited photos delivered through link in high quality format. Photographer can use photos for marketing. The photographers name must be credited in public display (including social media). It is not allowed to edited the images or resell [&hellip;]\" \/>\n<meta property=\"og:url\" content=\"https:\/\/www.olejohanmoe.com\/no\/prices\/\" \/>\n<meta property=\"og:site_name\" content=\"Ole Johan Moe \u2022 Photography\" \/>\n<meta property=\"article:publisher\" content=\"https:\/\/www.facebook.com\/olejmoephoto\/\" \/>\n<meta property=\"article:modified_time\" content=\"2021-03-14T15:53:27+00:00\" \/>\n<meta property=\"og:image\" content=\"https:\/\/www.olejohanmoe.com\/wp-content\/uploads\/2020\/05\/DSC0612.jpg\" \/>\n\t<meta property=\"og:image:width\" content=\"1200\" \/>\n\t<meta property=\"og:image:height\" content=\"800\" \/>\n\t<meta property=\"og:image:type\" content=\"image\/jpeg\" \/>\n<meta name=\"twitter:card\" content=\"summary_large_image\" \/>\n<meta name=\"twitter:label1\" content=\"Ansl. lesetid\" \/>\n\t<meta name=\"twitter:data1\" content=\"1 minutt\" \/>\n<script type=\"application\/ld+json\" class=\"yoast-schema-graph\">{\"@context\":\"https:\/\/schema.org\",\"@graph\":[{\"@type\":\"WebPage\",\"@id\":\"https:\/\/www.olejohanmoe.com\/en\/prices\/\",\"url\":\"https:\/\/www.olejohanmoe.com\/en\/prices\/\",\"name\":\"Prices - Ole Johan Moe \u2022 Photography\",\"isPartOf\":{\"@id\":\"https:\/\/www.olejohanmoe.com\/no\/#website\"},\"datePublished\":\"2021-03-11T23:24:17+00:00\",\"dateModified\":\"2021-03-14T15:53:27+00:00\",\"breadcrumb\":{\"@id\":\"https:\/\/www.olejohanmoe.com\/en\/prices\/#breadcrumb\"},\"inLanguage\":\"nb-NO\",\"potentialAction\":[{\"@type\":\"ReadAction\",\"target\":[\"https:\/\/www.olejohanmoe.com\/en\/prices\/\"]}]},{\"@type\":\"BreadcrumbList\",\"@id\":\"https:\/\/www.olejohanmoe.com\/en\/prices\/#breadcrumb\",\"itemListElement\":[{\"@type\":\"ListItem\",\"position\":1,\"name\":\"Home\",\"item\":\"https:\/\/www.olejohanmoe.com\/no\/\"},{\"@type\":\"ListItem\",\"position\":2,\"name\":\"Prices\"}]},{\"@type\":\"WebSite\",\"@id\":\"https:\/\/www.olejohanmoe.com\/no\/#website\",\"url\":\"https:\/\/www.olejohanmoe.com\/no\/\",\"name\":\"Ole Johan Moe \u2022 Photography\",\"description\":\"Norwegian photographer\",\"potentialAction\":[{\"@type\":\"SearchAction\",\"target\":{\"@type\":\"EntryPoint\",\"urlTemplate\":\"https:\/\/www.olejohanmoe.com\/no\/?s={search_term_string}\"},\"query-input\":{\"@type\":\"PropertyValueSpecification\",\"valueRequired\":true,\"valueName\":\"search_term_string\"}}],\"inLanguage\":\"nb-NO\"}]}<\/script>\n<!-- \/ Yoast SEO plugin. -->","yoast_head_json":{"title":"Prices - Ole Johan Moe \u2022 Photography","robots":{"index":"index","follow":"follow","max-snippet":"max-snippet:-1","max-image-preview":"max-image-preview:large","max-video-preview":"max-video-preview:-1"},"canonical":"https:\/\/www.olejohanmoe.com\/no\/prices\/","og_locale":"nb_NO","og_type":"article","og_title":"Prices - Ole Johan Moe \u2022 Photography","og_description":"Event photography (exempt VAT): &#8211; Half day (3,5 Hours) 6000 kroner &#8211; Full day (7 Hours) 10.000 kroner Edited photos delivered through link in high quality format. Photographer can use photos for marketing. The photographers name must be credited in public display (including social media). It is not allowed to edited the images or resell [&hellip;]","og_url":"https:\/\/www.olejohanmoe.com\/no\/prices\/","og_site_name":"Ole Johan Moe \u2022 Photography","article_publisher":"https:\/\/www.facebook.com\/olejmoephoto\/","article_modified_time":"2021-03-14T15:53:27+00:00","og_image":[{"width":1200,"height":800,"url":"https:\/\/www.olejohanmoe.com\/wp-content\/uploads\/2020\/05\/DSC0612.jpg","type":"image\/jpeg"}],"twitter_card":"summary_large_image","twitter_misc":{"Ansl. lesetid":"1 minutt"},"schema":{"@context":"https:\/\/schema.org","@graph":[{"@type":"WebPage","@id":"https:\/\/www.olejohanmoe.com\/en\/prices\/","url":"https:\/\/www.olejohanmoe.com\/en\/prices\/","name":"Prices - Ole Johan Moe \u2022 Photography","isPartOf":{"@id":"https:\/\/www.olejohanmoe.com\/no\/#website"},"datePublished":"2021-03-11T23:24:17+00:00","dateModified":"2021-03-14T15:53:27+00:00","breadcrumb":{"@id":"https:\/\/www.olejohanmoe.com\/en\/prices\/#breadcrumb"},"inLanguage":"nb-NO","potentialAction":[{"@type":"ReadAction","target":["https:\/\/www.olejohanmoe.com\/en\/prices\/"]}]},{"@type":"BreadcrumbList","@id":"https:\/\/www.olejohanmoe.com\/en\/prices\/#breadcrumb","itemListElement":[{"@type":"ListItem","position":1,"name":"Home","item":"https:\/\/www.olejohanmoe.com\/no\/"},{"@type":"ListItem","position":2,"name":"Prices"}]},{"@type":"WebSite","@id":"https:\/\/www.olejohanmoe.com\/no\/#website","url":"https:\/\/www.olejohanmoe.com\/no\/","name":"Fotograf Ole Johan Moe","description":"Norwegian photographer","potentialAction":[{"@type":"SearchAction","target":{"@type":"EntryPoint","urlTemplate":"https:\/\/www.olejohanmoe.com\/no\/?s={search_term_string}"},"query-input":{"@type":"PropertyValueSpecification","valueRequired":true,"valueName":"search_term_string"}}],"inLanguage":"nb-NO"}]}},"jetpack_shortlink":"https:\/\/wp.me\/P4SLj9-El","jetpack_sharing_enabled":true,"_links":{"self":[{"href":"https:\/\/www.olejohanmoe.com\/no\/wp-json\/wp\/v2\/pages\/2501","targetHints":{"allow":["GET"]}}],"collection":[{"href":"https:\/\/www.olejohanmoe.com\/no\/wp-json\/wp\/v2\/pages"}],"about":[{"href":"https:\/\/www.olejohanmoe.com\/no\/wp-json\/wp\/v2\/types\/page"}],"author":[{"embeddable":true,"href":"https:\/\/www.olejohanmoe.com\/no\/wp-json\/wp\/v2\/users\/1"}],"replies":[{"embeddable":true,"href":"https:\/\/www.olejohanmoe.com\/no\/wp-json\/wp\/v2\/comments?post=2501"}],"version-history":[{"count":9,"href":"https:\/\/www.olejohanmoe.com\/no\/wp-json\/wp\/v2\/pages\/2501\/revisions"}],"predecessor-version":[{"id":2595,"href":"https:\/\/www.olejohanmoe.com\/no\/wp-json\/wp\/v2\/pages\/2501\/revisions\/2595"}],"wp:attachment":[{"href":"https:\/\/www.olejohanmoe.com\/no\/wp-json\/wp\/v2\/media?parent=2501"}],"curies":[{"name":"wp","href":"https:\/\/api.w.org\/{rel}","templated":true}]}}